{"id":98,"date":"2025-09-04T15:25:27","date_gmt":"2025-09-04T15:25:27","guid":{"rendered":"https:\/\/expresowebsite.com\/?page_id=98"},"modified":"2025-10-04T18:40:53","modified_gmt":"2025-10-04T18:40:53","slug":"plantilla-web-canva-tienda-online-venusrebel","status":"publish","type":"page","link":"https:\/\/expresowebsite.com\/en\/","title":{"rendered":"Plantilla Web en Canva | Tienda Online | Modelo VenusRebel"},"content":{"rendered":"<section class=\"bde-section-98-146 bde-section\">\n  \n  \n\t\n\n\n\n<div class=\"section-container\"><div class=\"bde-columns-98-147 bde-columns\"><div class=\"bde-column-98-148 bde-column\">\n  \n  \n\t\n\n\n\n<h1 class=\"bde-heading-98-150 bde-heading\">\nPlantilla Web en Canva | Tienda Online | Modelo VenusRebel\n<\/h1>\n<\/div><div class=\"bde-column-98-151 bde-column\">\n  \n  \n\t\n\n\n\n<div class=\"bde-text-98-152 bde-text\">\n12 USD\n<\/div><div class=\"bde-rich-text-98-153 bde-rich-text breakdance-rich-text-styles\">\n<p><span class=\"mb-0.5 line-through\" style=\"text-decoration: line-through;\">25 US$<\/span><span class=\"ml-1\"> (50% off)<\/span><\/p>\n<\/div><div class=\"bde-button-98-154 bde-button\">\n        \n    \n    \n    \n    \n            \n                    \n            \n            \n\n    \n    \n    \n    \n    \n    <a class=\"breakdance-link button-atom button-atom--custom bde-button__button\" href=\"https:\/\/pay.hotmart.com\/X101739109E?off=gudn2l3d\" target=\"_blank\" data-type=\"url\"  >\n\n    \n        <span class=\"button-atom__text\">Comprar ahora<\/span>\n\n        \n        \n                <\/a>\n\n    \n\n\n<\/div>\n<\/div><\/div><\/div>\n<\/section><section class=\"bde-section-98-139 bde-section\">\n  \n  \n\t\n\n\n\n<div class=\"section-container\"><div class=\"bde-basicslider-98-122 bde-basicslider\">\n<div class=\"breakdance-swiper-wrapper\" data-swiper-id=\"122\">\n    <div class=\"swiper\">\n      <div class=\"swiper-wrapper\">\n      \n\t                    \n        <div class=\"swiper-slide\">\n          <div class=\"bde-basicslider__slide\" style=\"  background: #fcbc8f;\">\n              <div class=\"bde-basicslider__content\">\n                                    <div class=\"bde-basicslider__text\">\n              <p>\u00a0<\/p>\n<p>\u00a0<\/p>\n            <\/div>\n                                    <\/div>\n\n\t\t\t\t\t\t          <img loading=\"lazy\" decoding=\"async\" class=\"breakdance-image-object bde-basicslider__image\" src=\"https:\/\/expresowebsite.com\/wp-content\/uploads\/2025\/09\/1-3.png\" width=\"2500\" height=\"2000\" srcset=\"https:\/\/expresowebsite.com\/wp-content\/uploads\/2025\/09\/1-3.png 2500w, https:\/\/expresowebsite.com\/wp-content\/uploads\/2025\/09\/1-3-300x240.png 300w, https:\/\/expresowebsite.com\/wp-content\/uploads\/2025\/09\/1-3-1024x819.png 1024w, https:\/\/expresowebsite.com\/wp-content\/uploads\/2025\/09\/1-3-768x614.png 768w, https:\/\/expresowebsite.com\/wp-content\/uploads\/2025\/09\/1-3-1536x1229.png 1536w, https:\/\/expresowebsite.com\/wp-content\/uploads\/2025\/09\/1-3-2048x1638.png 2048w\" sizes=\"auto, (max-width: 2500px) 100vw, 2500px\">\n\t\t\t\n          <\/div>\n        <\/div>\n       \n\t                    \n        <div class=\"swiper-slide\">\n          <div class=\"bde-basicslider__slide\" style=\"  background: #fcbc8f;\">\n              <div class=\"bde-basicslider__content\">\n                                    <div class=\"bde-basicslider__text\">\n              <p>\u00a0<\/p>\n<p>\u00a0<\/p>\n            <\/div>\n                                    <\/div>\n\n\t\t\t\t\t\t          <img loading=\"lazy\" decoding=\"async\" class=\"breakdance-image-object bde-basicslider__image\" src=\"https:\/\/expresowebsite.com\/wp-content\/uploads\/2025\/09\/2.png\" width=\"2500\" height=\"2000\" srcset=\"https:\/\/expresowebsite.com\/wp-content\/uploads\/2025\/09\/2.png 2500w, https:\/\/expresowebsite.com\/wp-content\/uploads\/2025\/09\/2-300x240.png 300w, https:\/\/expresowebsite.com\/wp-content\/uploads\/2025\/09\/2-1024x819.png 1024w, https:\/\/expresowebsite.com\/wp-content\/uploads\/2025\/09\/2-768x614.png 768w, https:\/\/expresowebsite.com\/wp-content\/uploads\/2025\/09\/2-1536x1229.png 1536w, https:\/\/expresowebsite.com\/wp-content\/uploads\/2025\/09\/2-2048x1638.png 2048w\" sizes=\"auto, (max-width: 2500px) 100vw, 2500px\">\n\t\t\t\n          <\/div>\n        <\/div>\n       \n\t                    \n        <div class=\"swiper-slide\">\n          <div class=\"bde-basicslider__slide\" style=\"  background: #fcbc8f;\">\n              <div class=\"bde-basicslider__content\">\n                                    <div class=\"bde-basicslider__text\">\n              <p>\u00a0<\/p>\n<p>\u00a0<\/p>\n            <\/div>\n                                    <\/div>\n\n\t\t\t\t\t\t          <img loading=\"lazy\" decoding=\"async\" class=\"breakdance-image-object bde-basicslider__image\" src=\"https:\/\/expresowebsite.com\/wp-content\/uploads\/2025\/09\/3.png\" width=\"2500\" height=\"2000\" srcset=\"https:\/\/expresowebsite.com\/wp-content\/uploads\/2025\/09\/3.png 2500w, https:\/\/expresowebsite.com\/wp-content\/uploads\/2025\/09\/3-300x240.png 300w, https:\/\/expresowebsite.com\/wp-content\/uploads\/2025\/09\/3-1024x819.png 1024w, https:\/\/expresowebsite.com\/wp-content\/uploads\/2025\/09\/3-768x614.png 768w, https:\/\/expresowebsite.com\/wp-content\/uploads\/2025\/09\/3-1536x1229.png 1536w, https:\/\/expresowebsite.com\/wp-content\/uploads\/2025\/09\/3-2048x1638.png 2048w\" sizes=\"auto, (max-width: 2500px) 100vw, 2500px\">\n\t\t\t\n          <\/div>\n        <\/div>\n       \n\t                    \n        <div class=\"swiper-slide\">\n          <div class=\"bde-basicslider__slide\" style=\"  background: #fcbc8f;\">\n              <div class=\"bde-basicslider__content\">\n                                    <div class=\"bde-basicslider__text\">\n              <p>\u00a0<\/p>\n<p>\u00a0<\/p>\n            <\/div>\n                                    <\/div>\n\n\t\t\t\t\t\t          <img loading=\"lazy\" decoding=\"async\" class=\"breakdance-image-object bde-basicslider__image\" src=\"https:\/\/expresowebsite.com\/wp-content\/uploads\/2025\/09\/4-1.png\" width=\"2500\" height=\"2000\" srcset=\"https:\/\/expresowebsite.com\/wp-content\/uploads\/2025\/09\/4-1.png 2500w, https:\/\/expresowebsite.com\/wp-content\/uploads\/2025\/09\/4-1-300x240.png 300w, https:\/\/expresowebsite.com\/wp-content\/uploads\/2025\/09\/4-1-1024x819.png 1024w, https:\/\/expresowebsite.com\/wp-content\/uploads\/2025\/09\/4-1-768x614.png 768w, https:\/\/expresowebsite.com\/wp-content\/uploads\/2025\/09\/4-1-1536x1229.png 1536w, https:\/\/expresowebsite.com\/wp-content\/uploads\/2025\/09\/4-1-2048x1638.png 2048w\" sizes=\"auto, (max-width: 2500px) 100vw, 2500px\">\n\t\t\t\n          <\/div>\n        <\/div>\n       \n\t                    \n        <div class=\"swiper-slide\">\n          <div class=\"bde-basicslider__slide\" style=\"  background: #fcbc8f;\">\n              <div class=\"bde-basicslider__content\">\n                                    <div class=\"bde-basicslider__text\">\n              <p>\u00a0<\/p>\n<p>\u00a0<\/p>\n            <\/div>\n                                    <\/div>\n\n\t\t\t\t\t\t          <img loading=\"lazy\" decoding=\"async\" class=\"breakdance-image-object bde-basicslider__image\" src=\"https:\/\/expresowebsite.com\/wp-content\/uploads\/2025\/09\/5-1.png\" width=\"2500\" height=\"2000\" srcset=\"https:\/\/expresowebsite.com\/wp-content\/uploads\/2025\/09\/5-1.png 2500w, https:\/\/expresowebsite.com\/wp-content\/uploads\/2025\/09\/5-1-300x240.png 300w, https:\/\/expresowebsite.com\/wp-content\/uploads\/2025\/09\/5-1-1024x819.png 1024w, https:\/\/expresowebsite.com\/wp-content\/uploads\/2025\/09\/5-1-768x614.png 768w, https:\/\/expresowebsite.com\/wp-content\/uploads\/2025\/09\/5-1-1536x1229.png 1536w, https:\/\/expresowebsite.com\/wp-content\/uploads\/2025\/09\/5-1-2048x1638.png 2048w\" sizes=\"auto, (max-width: 2500px) 100vw, 2500px\">\n\t\t\t\n          <\/div>\n        <\/div>\n       \n\t                    \n        <div class=\"swiper-slide\">\n          <div class=\"bde-basicslider__slide\" style=\"  background: #fcbc8f;\">\n              <div class=\"bde-basicslider__content\">\n                                    <div class=\"bde-basicslider__text\">\n              <p>\u00a0<\/p>\n<p>\u00a0<\/p>\n            <\/div>\n                                    <\/div>\n\n\t\t\t\t\t\t          <img loading=\"lazy\" decoding=\"async\" class=\"breakdance-image-object bde-basicslider__image\" src=\"https:\/\/expresowebsite.com\/wp-content\/uploads\/2025\/09\/6-1.png\" width=\"2500\" height=\"2000\" srcset=\"https:\/\/expresowebsite.com\/wp-content\/uploads\/2025\/09\/6-1.png 2500w, https:\/\/expresowebsite.com\/wp-content\/uploads\/2025\/09\/6-1-300x240.png 300w, https:\/\/expresowebsite.com\/wp-content\/uploads\/2025\/09\/6-1-1024x819.png 1024w, https:\/\/expresowebsite.com\/wp-content\/uploads\/2025\/09\/6-1-768x614.png 768w, https:\/\/expresowebsite.com\/wp-content\/uploads\/2025\/09\/6-1-1536x1229.png 1536w, https:\/\/expresowebsite.com\/wp-content\/uploads\/2025\/09\/6-1-2048x1638.png 2048w\" sizes=\"auto, (max-width: 2500px) 100vw, 2500px\">\n\t\t\t\n          <\/div>\n        <\/div>\n       \n\t                    \n        <div class=\"swiper-slide\">\n          <div class=\"bde-basicslider__slide\" style=\"  background: #fcbc8f;\">\n              <div class=\"bde-basicslider__content\">\n                                    <div class=\"bde-basicslider__text\">\n              <p>\u00a0<\/p>\n<p>\u00a0<\/p>\n            <\/div>\n                                    <\/div>\n\n\t\t\t\t\t\t          <img loading=\"lazy\" decoding=\"async\" class=\"breakdance-image-object bde-basicslider__image\" src=\"https:\/\/expresowebsite.com\/wp-content\/uploads\/2025\/09\/8-1.png\" width=\"2500\" height=\"2000\" srcset=\"https:\/\/expresowebsite.com\/wp-content\/uploads\/2025\/09\/8-1.png 2500w, https:\/\/expresowebsite.com\/wp-content\/uploads\/2025\/09\/8-1-300x240.png 300w, https:\/\/expresowebsite.com\/wp-content\/uploads\/2025\/09\/8-1-1024x819.png 1024w, https:\/\/expresowebsite.com\/wp-content\/uploads\/2025\/09\/8-1-768x614.png 768w, https:\/\/expresowebsite.com\/wp-content\/uploads\/2025\/09\/8-1-1536x1229.png 1536w, https:\/\/expresowebsite.com\/wp-content\/uploads\/2025\/09\/8-1-2048x1638.png 2048w\" sizes=\"auto, (max-width: 2500px) 100vw, 2500px\">\n\t\t\t\n          <\/div>\n        <\/div>\n       \n      <\/div>\n    <\/div>\n                <div class=\"swiper-button-prev\">\n            <svg xmlns=\"http:\/\/www.w3.org\/2000\/svg\" viewbox=\"0 0 512 512\"><!--! Font Awesome Free 6.5.1 by @fontawesome - https:\/\/fontawesome.com License - https:\/\/fontawesome.com\/license\/free (Icons: CC BY 4.0, Fonts: SIL OFL 1.1, Code: MIT License) Copyright 2023 Fonticons, Inc. --><path d=\"M512 256A256 256 0 1 0 0 256a256 256 0 1 0 512 0zM271 135c9.4-9.4 24.6-9.4 33.9 0s9.4 24.6 0 33.9l-87 87 87 87c9.4 9.4 9.4 24.6 0 33.9s-24.6 9.4-33.9 0L167 273c-9.4-9.4-9.4-24.6 0-33.9L271 135z\"\/><\/svg>\n        <\/div>\n        <div class=\"swiper-button-next\">\n            <svg xmlns=\"http:\/\/www.w3.org\/2000\/svg\" viewbox=\"0 0 512 512\"><!--! Font Awesome Free 6.5.1 by @fontawesome - https:\/\/fontawesome.com License - https:\/\/fontawesome.com\/license\/free (Icons: CC BY 4.0, Fonts: SIL OFL 1.1, Code: MIT License) Copyright 2023 Fonticons, Inc. --><path d=\"M0 256a256 256 0 1 0 512 0A256 256 0 1 0 0 256zM241 377c-9.4 9.4-24.6 9.4-33.9 0s-9.4-24.6 0-33.9l87-87-87-87c-9.4-9.4-9.4-24.6 0-33.9s24.6-9.4 33.9 0L345 239c9.4 9.4 9.4 24.6 0 33.9L241 377z\"\/><\/svg>\n        <\/div>\n    \n            <div class=\"swiper-pagination\"><\/div>\n    \n<\/div>\n\n<\/div><div class=\"bde-columns-98-140 bde-columns\"><div class=\"bde-column-98-141 bde-column\">\n  \n  \n\t\n\n\n\n<h1 class=\"bde-heading-98-127 bde-heading\">\nPlantilla Web en Canva | Tienda Online | Modelo VenusRebel\n<\/h1><div class=\"bde-fancy-divider-98-136 bde-fancy-divider\">\n\n\n<div class=\"bde-fancy-divider__wrapper\">\n  <div class=\"bde-fancy-divider__separator\">\n  \t  <\/div>\n<\/div>\n\n<\/div><div class=\"bde-rich-text-98-138 bde-rich-text breakdance-rich-text-styles\">\n<p align=\"left\">\u26a1 Plantilla de sitio web en Canva para emprendedoras, tiendas peque\u00f1as, cat\u00e1logos de productos, marcas de accesorios, cosm\u00e9tica natural, joyer\u00eda artesanal y m\u00e1s.<\/p>\n<p align=\"left\">----------------------------<\/p>\n<p align=\"left\">Demo de vista previa<\/p>\n<p align=\"left\">\ud83d\udc49\u00a0<a href=\"https:\/\/tiendamaiafer.my.canva.site\/tienda-online-1\" rel=\"noopener noreferrer\">https:\/\/tiendamaiafer.my.canva.site\/tienda-online-1<\/a><\/p>\n<p align=\"left\">----------------------------<\/p>\n<p align=\"left\">\u2714\ufe0f Esta plantilla de sitio web es ideal para mostrar y enlazar tus productos sin complicaciones. Perfecta para emprendedoras que reci\u00e9n comienzan y quieren tener una web atractiva y funcional sin invertir de m\u00e1s.<\/p>\n<p align=\"left\">\u2714\ufe0f No necesitas WordPress, hosting ni conocimientos t\u00e9cnicos. Solo edita en Canva, personaliza con tus colores, textos e im\u00e1genes \u00a1y tu web estar\u00e1 lista para compartir!<\/p>\n<p align=\"left\">----------------------------<\/p>\n<p align=\"left\">Incluye todas las secciones esenciales:<\/p>\n<p align=\"left\">- Inicio con banner atractivo<\/p>\n<p align=\"left\">- Cat\u00e1logo de productos<\/p>\n<p align=\"left\">- P\u00e1gina de producto individual<\/p>\n<p align=\"left\">- Secci\u00f3n de \"Nosotros\" para contar tu historia<\/p>\n<p align=\"left\">- Contacto con enlaces directos<\/p>\n<p align=\"left\">----------------------------<\/p>\n<p align=\"left\">\u2714\ufe0f Totalmente personalizable con Canva (gratuita o PRO). Cambia tipograf\u00edas, colores e im\u00e1genes con las herramientas de arrastrar y soltar.<\/p>\n<p align=\"left\">\u2714\ufe0f Dise\u00f1ado para tiendas peque\u00f1as con cat\u00e1logos cortos, ideal para:<\/p>\n<p align=\"left\">\u2728 Joyer\u00eda artesanal<\/p>\n<p align=\"left\">\u2728 Cosm\u00e9tica natural<\/p>\n<p align=\"left\">\u2728 Ropa o accesorios<\/p>\n<p align=\"left\">\u2728 Emprendimientos de productos handmade<\/p>\n<p align=\"left\">----------------------------<\/p>\n<p align=\"left\">\ud83d\udfe0 Qu\u00e9 incluye<\/p>\n<ul>\n<li>PDF con enlace directo a la plantilla en Canva.<\/li>\n<li>Plantilla lista con p\u00e1ginas esenciales:\n<ul>\n<li>\u2714\ufe0f Anuncio \/ promoci\u00f3n<\/li>\n<li>\u2714\ufe0f Encabezado con men\u00fa<\/li>\n<li>\u2714\ufe0f P\u00e1gina de inicio<\/li>\n<li>\u2714\ufe0f P\u00e1gina de tienda<\/li>\n<li>\u2714\ufe0f P\u00e1gina de producto<\/li>\n<li>\u2714\ufe0f P\u00e1gina \"Nosotros\"<\/li>\n<li>\u2714\ufe0f P\u00e1gina de contacto<\/li>\n<li>\u2714\ufe0f Pie de p\u00e1gina con enlaces<\/li>\n<\/ul>\n<\/li>\n<\/ul>\n<p align=\"left\">----------------------------<\/p>\n<p align=\"left\">\ud83d\udd35 C\u00f3mo funciona<\/p>\n<ul>\n<li>Tras la compra recibir\u00e1s un PDF con acceso directo a la plantilla en Canva.<\/li>\n<li>Edita f\u00e1cilmente con tus colores, im\u00e1genes y textos.<\/li>\n<li>Publica tu sitio web con un solo clic desde Canva.<\/li>\n<\/ul>\n<p align=\"left\">----------------------------<\/p>\n<p align=\"left\">\u2757 Atenci\u00f3n: Ten en cuenta<\/p>\n<ul>\n<li>Esta plantilla es solo para uso personal (no se permite reventa ni distribuci\u00f3n).<\/li>\n<li>No hay reembolsos ni cambios por tratarse de un producto digital.<\/li>\n<\/ul>\n<\/div>\n<\/div><div class=\"bde-column-98-131 bde-column\">\n  \n  \n\t\n\n\n\n<div class=\"bde-columns-98-143 bde-columns\"><div class=\"bde-column-98-144 bde-column\">\n  \n  \n\t\n\n\n\n<div class=\"bde-text-98-129 bde-text\">\n12 USD\n<\/div><div class=\"bde-rich-text-98-135 bde-rich-text breakdance-rich-text-styles\">\n<p><span class=\"mb-0.5 line-through\" style=\"text-decoration: line-through;\">25 US$<\/span><span class=\"ml-1\"> (50% off)<\/span><\/p>\n<\/div><div class=\"bde-button-98-137 bde-button\">\n        \n    \n    \n    \n    \n            \n                    \n            \n            \n\n    \n    \n    \n    \n    \n    <a class=\"breakdance-link button-atom button-atom--custom bde-button__button\" href=\"https:\/\/pay.hotmart.com\/X101739109E?off=gudn2l3d\" target=\"_blank\" data-type=\"url\"  >\n\n    \n        <span class=\"button-atom__text\">Comprar ahora<\/span>\n\n        \n        \n                <\/a>\n\n    \n\n\n<\/div>\n<\/div><\/div>\n<\/div><\/div><\/div>\n<\/section>","protected":false},"excerpt":{"rendered":"<p>Plantilla Web en Canva | Tienda Online | Modelo VenusRebel 12 USD 25 US$ (50% off) Comprar ahora \u00a0 \u00a0 \u00a0 \u00a0 \u00a0 \u00a0 \u00a0 \u00a0 \u00a0 \u00a0 \u00a0 \u00a0 \u00a0 \u00a0 Plantilla Web en Canva | Tienda Online | Modelo VenusRebel \u26a1 Plantilla de sitio web en Canva para emprendedoras, tiendas peque\u00f1as, cat\u00e1logos de [&hellip;]<\/p>\n","protected":false},"author":1,"featured_media":0,"parent":0,"menu_order":0,"comment_status":"closed","ping_status":"closed","template":"","meta":{"_breakdance_hide_in_design_set":false,"_breakdance_tags":"","footnotes":""},"class_list":["post-98","page","type-page","status-publish","hentry"],"yoast_head":"<!-- This site is optimized with the Yoast SEO plugin v27.4 - https:\/\/yoast.com\/product\/yoast-seo-wordpress\/ -->\n<title>Plantilla Web en Canva | Tienda Online | Modelo VenusRebel | Expreso Website<\/title>\n<meta name=\"robots\" content=\"index, follow, max-snippet:-1, max-image-preview:large, max-video-preview:-1\" \/>\n<link rel=\"canonical\" href=\"https:\/\/expresowebsite.com\/en\/\" \/>\n<meta property=\"og:locale\" content=\"en_US\" \/>\n<meta property=\"og:type\" content=\"article\" \/>\n<meta property=\"og:title\" content=\"Plantilla Web en Canva | Tienda Online | Modelo VenusRebel | Expreso Website\" \/>\n<meta property=\"og:description\" content=\"Plantilla Web en Canva | Tienda Online | Modelo VenusRebel 12 USD 25 US$ (50% off) Comprar ahora \u00a0 \u00a0 \u00a0 \u00a0 \u00a0 \u00a0 \u00a0 \u00a0 \u00a0 \u00a0 \u00a0 \u00a0 \u00a0 \u00a0 Plantilla Web en Canva | Tienda Online | Modelo VenusRebel \u26a1 Plantilla de sitio web en Canva para emprendedoras, tiendas peque\u00f1as, cat\u00e1logos de [&hellip;]\" \/>\n<meta property=\"og:url\" content=\"https:\/\/expresowebsite.com\/en\/\" \/>\n<meta property=\"og:site_name\" content=\"Expreso Website\" \/>\n<meta property=\"article:modified_time\" content=\"2025-10-04T18:40:53+00:00\" \/>\n<meta name=\"twitter:card\" content=\"summary_large_image\" \/>\n<script type=\"application\/ld+json\" class=\"yoast-schema-graph\">{\"@context\":\"https:\\\/\\\/schema.org\",\"@graph\":[{\"@type\":\"WebPage\",\"@id\":\"https:\\\/\\\/expresowebsite.com\\\/\",\"url\":\"https:\\\/\\\/expresowebsite.com\\\/\",\"name\":\"Plantilla Web en Canva | Tienda Online | Modelo VenusRebel | Expreso Website\",\"isPartOf\":{\"@id\":\"https:\\\/\\\/expresowebsite.com\\\/#website\"},\"datePublished\":\"2025-09-04T15:25:27+00:00\",\"dateModified\":\"2025-10-04T18:40:53+00:00\",\"breadcrumb\":{\"@id\":\"https:\\\/\\\/expresowebsite.com\\\/#breadcrumb\"},\"inLanguage\":\"en-US\",\"potentialAction\":[{\"@type\":\"ReadAction\",\"target\":[\"https:\\\/\\\/expresowebsite.com\\\/\"]}]},{\"@type\":\"BreadcrumbList\",\"@id\":\"https:\\\/\\\/expresowebsite.com\\\/#breadcrumb\",\"itemListElement\":[{\"@type\":\"ListItem\",\"position\":1,\"name\":\"Inicio\",\"item\":\"https:\\\/\\\/expresowebsite.com\\\/\"},{\"@type\":\"ListItem\",\"position\":2,\"name\":\"Plantilla Web en Canva | Tienda Online | Modelo VenusRebel\"}]},{\"@type\":\"WebSite\",\"@id\":\"https:\\\/\\\/expresowebsite.com\\\/#website\",\"url\":\"https:\\\/\\\/expresowebsite.com\\\/\",\"name\":\"Expreso Website\",\"description\":\"\",\"potentialAction\":[{\"@type\":\"SearchAction\",\"target\":{\"@type\":\"EntryPoint\",\"urlTemplate\":\"https:\\\/\\\/expresowebsite.com\\\/?s={search_term_string}\"},\"query-input\":{\"@type\":\"PropertyValueSpecification\",\"valueRequired\":true,\"valueName\":\"search_term_string\"}}],\"inLanguage\":\"en-US\"}]}<\/script>\n<!-- \/ Yoast SEO plugin. -->","yoast_head_json":{"title":"Plantilla Web en Canva | Tienda Online | Modelo VenusRebel | Expreso Website","robots":{"index":"index","follow":"follow","max-snippet":"max-snippet:-1","max-image-preview":"max-image-preview:large","max-video-preview":"max-video-preview:-1"},"canonical":"https:\/\/expresowebsite.com\/en\/","og_locale":"en_US","og_type":"article","og_title":"Plantilla Web en Canva | Tienda Online | Modelo VenusRebel | Expreso Website","og_description":"Plantilla Web en Canva | Tienda Online | Modelo VenusRebel 12 USD 25 US$ (50% off) Comprar ahora \u00a0 \u00a0 \u00a0 \u00a0 \u00a0 \u00a0 \u00a0 \u00a0 \u00a0 \u00a0 \u00a0 \u00a0 \u00a0 \u00a0 Plantilla Web en Canva | Tienda Online | Modelo VenusRebel \u26a1 Plantilla de sitio web en Canva para emprendedoras, tiendas peque\u00f1as, cat\u00e1logos de [&hellip;]","og_url":"https:\/\/expresowebsite.com\/en\/","og_site_name":"Expreso Website","article_modified_time":"2025-10-04T18:40:53+00:00","twitter_card":"summary_large_image","schema":{"@context":"https:\/\/schema.org","@graph":[{"@type":"WebPage","@id":"https:\/\/expresowebsite.com\/","url":"https:\/\/expresowebsite.com\/","name":"Plantilla Web en Canva | Tienda Online | Modelo VenusRebel | Expreso Website","isPartOf":{"@id":"https:\/\/expresowebsite.com\/#website"},"datePublished":"2025-09-04T15:25:27+00:00","dateModified":"2025-10-04T18:40:53+00:00","breadcrumb":{"@id":"https:\/\/expresowebsite.com\/#breadcrumb"},"inLanguage":"en-US","potentialAction":[{"@type":"ReadAction","target":["https:\/\/expresowebsite.com\/"]}]},{"@type":"BreadcrumbList","@id":"https:\/\/expresowebsite.com\/#breadcrumb","itemListElement":[{"@type":"ListItem","position":1,"name":"Inicio","item":"https:\/\/expresowebsite.com\/"},{"@type":"ListItem","position":2,"name":"Plantilla Web en Canva | Tienda Online | Modelo VenusRebel"}]},{"@type":"WebSite","@id":"https:\/\/expresowebsite.com\/#website","url":"https:\/\/expresowebsite.com\/","name":"Expreso Website","description":"","potentialAction":[{"@type":"SearchAction","target":{"@type":"EntryPoint","urlTemplate":"https:\/\/expresowebsite.com\/?s={search_term_string}"},"query-input":{"@type":"PropertyValueSpecification","valueRequired":true,"valueName":"search_term_string"}}],"inLanguage":"en-US"}]}},"_links":{"self":[{"href":"https:\/\/expresowebsite.com\/en\/wp-json\/wp\/v2\/pages\/98","targetHints":{"allow":["GET"]}}],"collection":[{"href":"https:\/\/expresowebsite.com\/en\/wp-json\/wp\/v2\/pages"}],"about":[{"href":"https:\/\/expresowebsite.com\/en\/wp-json\/wp\/v2\/types\/page"}],"author":[{"embeddable":true,"href":"https:\/\/expresowebsite.com\/en\/wp-json\/wp\/v2\/users\/1"}],"replies":[{"embeddable":true,"href":"https:\/\/expresowebsite.com\/en\/wp-json\/wp\/v2\/comments?post=98"}],"version-history":[{"count":28,"href":"https:\/\/expresowebsite.com\/en\/wp-json\/wp\/v2\/pages\/98\/revisions"}],"predecessor-version":[{"id":647,"href":"https:\/\/expresowebsite.com\/en\/wp-json\/wp\/v2\/pages\/98\/revisions\/647"}],"wp:attachment":[{"href":"https:\/\/expresowebsite.com\/en\/wp-json\/wp\/v2\/media?parent=98"}],"curies":[{"name":"wp","href":"https:\/\/api.w.org\/{rel}","templated":true}]}}